{"id":131,"date":"2015-04-02T18:53:04","date_gmt":"2015-04-02T18:53:04","guid":{"rendered":"http:\/\/lucas.buclin.org\/?page_id=131"},"modified":"2015-07-15T10:32:32","modified_gmt":"2015-07-15T10:32:32","slug":"poulenc-raconte","status":"publish","type":"page","link":"http:\/\/lucas.buclin.org\/?page_id=131","title":{"rendered":"Poulenc racont\u00e9"},"content":{"rendered":"<p><a href=\"http:\/\/lucas.buclin.org\/wp-content\/uploads\/2015\/05\/DSC00608.jpeg\"><img decoding=\"async\" loading=\"lazy\" class=\" wp-image-266 size-medium alignleft\" src=\"http:\/\/lucas.buclin.org\/wp-content\/uploads\/2015\/05\/DSC00608-217x300.jpeg\" alt=\"DSC00608\" width=\"217\" height=\"300\" srcset=\"http:\/\/lucas.buclin.org\/wp-content\/uploads\/2015\/05\/DSC00608-217x300.jpeg 217w, http:\/\/lucas.buclin.org\/wp-content\/uploads\/2015\/05\/DSC00608-741x1024.jpeg 741w, http:\/\/lucas.buclin.org\/wp-content\/uploads\/2015\/05\/DSC00608.jpeg 772w\" sizes=\"(max-width: 217px) 100vw, 217px\" \/><\/a><\/p>\n<div class=\"borderbottom1px\"><strong>Leana Durney, soprano<\/strong><\/div>\n<div class=\"borderbottom1px\"><strong>Lucas Buclin, piano<\/strong><\/div>\n<p>Grand \u00e9pistolier, Francis Poulenc a laiss\u00e9 derri\u00e8re lui une correspondance faramineuse qui nous plonge dans son temps, nous d\u00e9voile sa personnalit\u00e9 et entre en r\u00e9sonance avec ses m\u00e9lodies. C&rsquo;est au travers de la lecture de ses lettres et de l&rsquo;\u00e9coute de sa musique que le public d\u00e9couvrira le surprenant et fabuleux compositeur qu&rsquo;est Francis Poulenc.<\/p>\n<p>&nbsp;<\/p>\n<div class=\"contenantblochaut\">\n<div class=\"infobloc\">\n<div class=\"infoblocnewslgimg\">\n<p class=\"infoblocnewstitle\"><strong>Prochain concert:<\/strong><\/p>\n<p>&nbsp;<\/p>\n<div class=\"infoblocnewsbg3\"><span class=\"dateblocnewslgimg\"><span class=\"jouretmoisblocnewslgimg ng-binding\">ven. 7 ao\u00fbt\u00a0<\/span><span class=\"heureblocnewslgimg ng-binding\">21:00<\/span><\/span><\/div>\n<\/div>\n<\/div>\n<\/div>\n<div class=\"content-area\">\n<div class=\"borderbottom1px\">Festival de Lussan, France<\/div>\n<div class=\"borderbottom1px\"><\/div>\n<div class=\"borderbottom1px\"><\/div>\n<div class=\"borderbottom1px\"><\/div>\n<div class=\"borderbottom1px\"><\/div>\n<\/div>\n","protected":false},"excerpt":{"rendered":"<p>Leana Durney, soprano Lucas Buclin, piano Grand \u00e9pistolier, Francis Poulenc a laiss\u00e9 derri\u00e8re lui une correspondance faramineuse qui nous plonge dans son temps, nous d\u00e9voile sa personnalit\u00e9 et entre en r\u00e9sonance avec ses m\u00e9lodies. C&rsquo;est au travers de la lecture de ses lettres et de l&rsquo;\u00e9coute de sa musique que le public d\u00e9couvrira le surprenant&hellip;<\/p>\n","protected":false},"author":1,"featured_media":0,"parent":0,"menu_order":0,"comment_status":"closed","ping_status":"open","template":"","meta":[],"_links":{"self":[{"href":"http:\/\/lucas.buclin.org\/index.php?rest_route=\/wp\/v2\/pages\/131"}],"collection":[{"href":"http:\/\/lucas.buclin.org\/index.php?rest_route=\/wp\/v2\/pages"}],"about":[{"href":"http:\/\/lucas.buclin.org\/index.php?rest_route=\/wp\/v2\/types\/page"}],"author":[{"embeddable":true,"href":"http:\/\/lucas.buclin.org\/index.php?rest_route=\/wp\/v2\/users\/1"}],"replies":[{"embeddable":true,"href":"http:\/\/lucas.buclin.org\/index.php?rest_route=%2Fwp%2Fv2%2Fcomments&post=131"}],"version-history":[{"count":6,"href":"http:\/\/lucas.buclin.org\/index.php?rest_route=\/wp\/v2\/pages\/131\/revisions"}],"predecessor-version":[{"id":433,"href":"http:\/\/lucas.buclin.org\/index.php?rest_route=\/wp\/v2\/pages\/131\/revisions\/433"}],"wp:attachment":[{"href":"http:\/\/lucas.buclin.org\/index.php?rest_route=%2Fwp%2Fv2%2Fmedia&parent=131"}],"curies":[{"name":"wp","href":"https:\/\/api.w.org\/{rel}","templated":true}]}}